{"id":2,"date":"2015-09-16T04:24:25","date_gmt":"2015-09-16T04:24:25","guid":{"rendered":"http:\/\/wp431m.a10-52-158-154.qa.plesk.ru\/wordpress\/?page_id=2"},"modified":"2023-07-03T13:28:19","modified_gmt":"2023-07-03T13:28:19","slug":"sample-page","status":"publish","type":"page","link":"https:\/\/javis.lauva.de\/","title":{"rendered":"Vita"},"content":{"rendered":"<p>[et_pb_section fb_built=&#8220;1&#8243; custom_padding_last_edited=&#8220;on|desktop&#8220; admin_label=&#8220;section&#8220; _builder_version=&#8220;4.16&#8243; custom_padding_tablet=&#8220;50px|0|50px|0&#8243; custom_padding_phone=&#8220;&#8220; transparent_background=&#8220;off&#8220; padding_mobile=&#8220;off&#8220; make_fullwidth=&#8220;off&#8220; use_custom_width=&#8220;off&#8220; width_unit=&#8220;on&#8220; global_colors_info=&#8220;{}&#8220;][et_pb_row column_structure=&#8220;1_2,1_2&#8243; admin_label=&#8220;row&#8220; _builder_version=&#8220;4.16&#8243; background_size=&#8220;initial&#8220; background_position=&#8220;top_left&#8220; background_repeat=&#8220;repeat&#8220; global_colors_info=&#8220;{}&#8220;][et_pb_column type=&#8220;1_2&#8243; _builder_version=&#8220;4.16&#8243; custom_padding=&#8220;|||&#8220; global_colors_info=&#8220;{}&#8220; custom_padding__hover=&#8220;|||&#8220;][et_pb_button _builder_version=&#8220;4.21.0&#8243; _module_preset=&#8220;default&#8220; button_text=&#8220;Download des aktuellen Portfolios&#8220; button_url=&#8220;https:\/\/javis.lauva.de\/wp-content\/uploads\/2023\/07\/Javis-Lauva-Portfolio-1-seitig.pdf&#8220; url_new_window=&#8220;on&#8220; hover_enabled=&#8220;0&#8243; sticky_enabled=&#8220;0&#8243;][\/et_pb_button][et_pb_text admin_label=&#8220;Text&#8220; _builder_version=&#8220;4.16&#8243; background_size=&#8220;initial&#8220; background_position=&#8220;top_left&#8220; background_repeat=&#8220;repeat&#8220; use_border_color=&#8220;off&#8220; border_color=&#8220;#ffffff&#8220; border_style=&#8220;solid&#8220; global_colors_info=&#8220;{}&#8220;]<\/p>\n<div>\n<div class=\"xr_tl\"><strong>Javis Lauva<\/strong><\/div>\n<div class=\"xr_tl\">&nbsp;<\/div>\n<div class=\"xr_tl\"><strong>1971 &#8211; 1979<\/strong>&nbsp;Studium der P\u00e4dagogik, Soziologie und Psychologie<\/div>\n<\/div>\n<div>\n<div class=\"xr_tl\"><strong>1979 &#8211; 1984<\/strong>&nbsp;Studium der Philosophie, Kunstgeschichte und Ethnologie<\/div>\n<\/div>\n<div>&nbsp;<\/div>\n<div>\n<div class=\"xr_tl\">Studien- und Arbeitsaufenthalte in Spanien, Italien, USA, Indien, Nepal<\/div>\n<\/div>\n<div>&nbsp;<\/div>\n<div>\n<div class=\"xr_tl\">lebt und arbeitet in Badenhard (2020 Umzug in den Hunsr\u00fcck) und Berlin<\/div>\n<\/div>\n<div>&nbsp;<\/div>\n<div>\n<div class=\"xr_tl\"><strong>1993<\/strong>&nbsp;Arbeitsstipendium, Senat Berlin<\/div>\n<\/div>\n<div>\n<div class=\"xr_tl\"><strong>1994<\/strong>&nbsp;Arbeitsaufenthalt K\u00fcnstlerhaus Schlo\u00df Pl\u00fcschow, Mecklenburg<\/div>\n<\/div>\n<div>&nbsp;<\/div>\n<div><strong>Einzelausstellungen:<\/strong><\/div>\n<div>&nbsp;<\/div>\n<div><strong>1981<\/strong>&nbsp;Galerie auf Zeit, Berlin<\/div>\n<div>\n<div class=\"xr_tl\"><strong>1983<\/strong>&nbsp;Stirn gegen Stirn, Forum f\u00fcr Aktuelle Kunst, Berlin<\/div>\n<\/div>\n<div>\n<div class=\"xr_tl\"><strong>1983<\/strong>&nbsp;St. Math\u00e4uskirche, Berlin<\/div>\n<\/div>\n<div>\n<div class=\"xr_tl\"><strong>1984<\/strong>&nbsp;Singende Knochen, Galerie Fundus, Berlin<\/div>\n<\/div>\n<div>\n<div class=\"xr_tl\"><strong>1987<\/strong> Galerie Rampoldt, Berlin<\/div>\n<\/div>\n<div>\n<div class=\"xr_tl\"><strong>1989<\/strong> Human electricity, Galerie M. Giesler, Berlin<\/div>\n<\/div>\n<div>\n<div class=\"xr_tl\"><strong>1991<\/strong> Galerie Roepke, Berlin<\/div>\n<\/div>\n<div>\n<div class=\"xr_tl\"><strong>1992<\/strong> THING, Galerie orbis pictus, Berlin<\/div>\n<\/div>\n<div>\n<div class=\"xr_tl\"><strong>1993<\/strong> Galerie orbis pictus, Berlin<\/div>\n<\/div>\n<div>\n<div class=\"xr_tl\"><strong>1999<\/strong> Id-pharma GmbH, Jena<\/div>\n<\/div>\n<div>\n<div class=\"xr_tl\"><strong>1999<\/strong> Weimarer Fries, Kulturdirektion Weimar<\/div>\n<\/div>\n<div>\n<div class=\"xr_tl\"><strong>1999<\/strong> Strings, Galerie Petersen und Partner<\/div>\n<\/div>\n<div>\n<div class=\"xr_tl\"><strong>2000<\/strong> Kulturkontor Rampoldt, Berlin<\/div>\n<div class=\"xr_tl\"><strong>2000<\/strong> Galerie Contemporanea, Oberbillig<\/div>\n<\/div>\n<div>\n<div class=\"xr_tl\"><strong>2005<\/strong> Galerie Asperger, Berlin<\/div>\n<\/div>\n<div>\n<div class=\"xr_tl\"><strong>2007<\/strong> Kunstverein Schlo\u00df Friedenstein, Gotha &#8211; Holzschnitte<\/div>\n<\/div>\n<div>\n<div class=\"xr_tl\"><strong>2008<\/strong> Cut (Holzschnitte), B\u00fcchergilde Gutenberg<\/div>\n<\/div>\n<div>\n<div class=\"xr_tl\"><strong>2010<\/strong> Galerie Reumert, London<\/div>\n<div><strong>2013<\/strong>&nbsp;Galerie Abakus, Berlin &#8211; Wir am Rande<\/div>\n<div><strong>2013<\/strong> Punkt und Linie, Kunstverein Zeche Unser Fritz, Herne (zusammen mit Paula Schmidt)&nbsp;<\/div>\n<\/div>\n<div>&nbsp;<\/div>\n<div><strong>Ausstellungsbeteiligungen:<\/strong><\/div>\n<div>&nbsp;<\/div>\n<div><strong>1982<\/strong> L\u00fcge: eine wahre Kunst, Galerie auf Zeit, Berlin<\/div>\n<div>\n<div class=\"xr_tl\"><strong>1982<\/strong> Bericht 1982, Staatliche Kunsthalle, Berlin (Katalog)<\/div>\n<\/div>\n<div>\n<div class=\"xr_tl\"><strong>1983<\/strong> 4St Kunstquartier Ackerstra\u00dfe (mit Paula Schmidt, Albrecht Demitz, Elke Lixfeld), Berlin<\/div>\n<\/div>\n<div>\n<div class=\"xr_tl\"><strong>1984<\/strong> Art &amp; Andrologie, Galerie Wewerka, Berlin (Katalog)<\/div>\n<\/div>\n<div>\n<div class=\"xr_tl\"><strong>1984<\/strong> Neuerwerbungen, Neuer Berliner Kunstverein<\/div>\n<\/div>\n<div>\n<div class=\"xr_tl\"><strong>1984<\/strong> Kunstverein Hannover &#8211; \u201cVilla Massimo\u201d, Kandidaten der L\u00e4nder (Katalog)<\/div>\n<\/div>\n<div>\n<div class=\"xr_tl\"><strong>1985<\/strong> Berlin &#8211; Wien, 2 Kulturmeteropolen, GIM-Gallery, M\u00fcnchen<\/div>\n<\/div>\n<div>\n<div class=\"xr_tl\"><strong>1987<\/strong> Galerie des K\u00fcnstlerhauses, Budapest (Katalog)<\/div>\n<\/div>\n<div>\n<div class=\"xr_tl\"><strong>1987<\/strong> Die 5 Sinne, Kunstquartier Ackerstra\u00dfe, Berlin<\/div>\n<\/div>\n<div>\n<div class=\"xr_tl\"><strong>1987<\/strong> Kopfzerbrechen, Hotel Interconti, Berlin (mit Paula Schmidt)<\/div>\n<\/div>\n<div>\n<div class=\"xr_tl\"><strong>1990<\/strong> Doppler, KX, Kampnagel-Fabrik, Hamburg<\/div>\n<\/div>\n<div>\n<div class=\"xr_tl\"><strong>1990<\/strong> Malerei &#8211; Grafik &#8211; Installation, Technologie- und Innovationspark, Berlin<\/div>\n<\/div>\n<div>\n<div class=\"xr_tl\"><strong>1990<\/strong> 8x Grafik, K\u00fcnstleraustausch Berlin &#8211; Amsterdam<\/div>\n<\/div>\n<div>\n<div class=\"xr_tl\"><strong>1990<\/strong> Zweitakt, Bildende Kunst aus Berlin-Ost und&nbsp; Berlin-West, Fernsehturm (Katalog)<\/div>\n<\/div>\n<div>\n<div class=\"xr_tl\"><strong>1991<\/strong> Ostentativ &#8211; Neue Akzente in der Sammlung der Berlinischen Galerie, Berlin<\/div>\n<\/div>\n<div>\n<div class=\"xr_tl\"><strong>1991<\/strong> Regards sur Kazantzaki, Chapelle de la Sorbonne, Paris<\/div>\n<\/div>\n<div>\n<div class=\"xr_tl\"><strong>1991<\/strong> Regards sur Kazantzaki, Basilique Saint Marc, Heraklion<\/div>\n<\/div>\n<div>\n<div class=\"xr_tl\"><strong>1991<\/strong> Regards sur Kazantzaki, Institut Francais d\u2019Athenes<\/div>\n<\/div>\n<div>\n<div class=\"xr_tl\"><strong>1992<\/strong> Neues aus den Ateliers, Villa Oppenheim, Berlin<\/div>\n<\/div>\n<div>\n<div class=\"xr_tl\"><strong>1992<\/strong> Ein Format = 1 Preis, Galerie Ermer, Berlin<\/div>\n<\/div>\n<div>\n<div class=\"xr_tl\"><strong>1993<\/strong> Galerie Langenberg, Amsterdam<\/div>\n<\/div>\n<div>\n<div class=\"xr_tl\"><strong>1993<\/strong> Galerie \u00d8stergaard-Hansen, Ikast, D\u00e4nemark<\/div>\n<\/div>\n<div>\n<div class=\"xr_tl\"><strong>1993<\/strong> Kunstmesse Kopenhagen<\/div>\n<\/div>\n<div>\n<div class=\"xr_tl\"><strong>1993<\/strong> Werkschau 1 &#8211; Malerei und Skulptur, K\u00fcnstlerf\u00f6rderung Berlin<\/div>\n<\/div>\n<div>\n<div class=\"xr_tl\"><strong>1994<\/strong> Galerie \u00d8stergaard-Hansen, Ikast, D\u00e4nemark<\/div>\n<\/div>\n<div>\n<div class=\"xr_tl\"><strong>1994<\/strong> Kunstmesse Kopenhagen<\/div>\n<\/div>\n<div>\n<div class=\"xr_tl\"><strong>1995<\/strong> Galerie \u00d8stergaard-Hansen, Ikast, D\u00e4nemark<\/div>\n<\/div>\n<div>\n<div class=\"xr_tl\"><strong>1995<\/strong> Kunstmesse Kopenhagen<\/div>\n<\/div>\n<div>\n<div class=\"xr_tl\"><strong>1995<\/strong> Galerie Ermer, Berlin<\/div>\n<\/div>\n<div>\n<div class=\"xr_tl\"><strong>1996<\/strong> Artothek Moskau<\/div>\n<\/div>\n<div>\n<div class=\"xr_tl\"><strong>1996<\/strong> Schwarz und Wei\u00df, Galerie Marianne Grob, Berlin<\/div>\n<\/div>\n<div>\n<div class=\"xr_tl\"><strong>1996<\/strong> Pro Vedova, Charlottenbourg, Kopenhagen<\/div>\n<\/div>\n<div>\n<div class=\"xr_tl\"><strong>1998<\/strong> Galerie Petersen und Partner, Berlin<\/div>\n<\/div>\n<div>\n<div class=\"xr_tl\"><strong>2000<\/strong> Vom Ursprung der Moderne, Wrangel-Schl\u00f6\u00dfchen, Berlin\/Galerie Schoen+Nalepa, Berlin<\/div>\n<\/div>\n<div>\n<div class=\"xr_tl\"><strong>2001<\/strong> Werkschau 7, K\u00fcnstlerf\u00f6rderung, Berlin (Katalog)<\/div>\n<\/div>\n<div>\n<div class=\"xr_tl\"><strong>2002<\/strong> Koloristerne, Frye Udstyllings Bygning, Kopenhagen (Katalog)<\/div>\n<\/div>\n<div>\n<div class=\"xr_tl\"><strong>2002<\/strong> Galerie Petersen und Partner, Berlin<\/div>\n<\/div>\n<div>\n<div class=\"xr_tl\"><strong>2003<\/strong> Galerie Petersen und Partner, Berlin<\/div>\n<\/div>\n<div>\n<div class=\"xr_tl\"><strong>2004<\/strong> Galerie Petersen und Partner, Berlin<\/div>\n<\/div>\n<div>\n<div class=\"xr_tl\"><strong>2006<\/strong> Ernst &amp; Young, Wiesbaden<\/div>\n<\/div>\n<div>\n<div class=\"xr_tl\"><strong>2010<\/strong> Kunstkontor Rampoldt, Berlin<\/div>\n<\/div>\n<div>\n<div class=\"xr_tl\"><strong>2010<\/strong> Galerie nihil nisi, Berlin<\/div>\n<div class=\"xr_tl\"><strong>2012<\/strong>&nbsp;Kunstverein Zeche Unser Fritz, Herne &#8211; Punkt und Linie (mit Paula Schmidt)<\/div>\n<div class=\"xr_tl\"><strong>2014<\/strong> Galerie Zweigstelle, Berlin<\/div>\n<div class=\"xr_tl\"><strong>2015<\/strong> Galerie Zweigstelle, Berlin &#8211; Paperwork\/Domestic Space 4<\/div>\n<div><strong>2019<\/strong> Memo Abakus, Kunstbunker, Berlin<\/div>\n<div><strong>2020<\/strong> Augsburg Contemporary: GLOW,<\/div>\n<div>Kooperation Claudia Weil Galerie und Zweigstelle Berlin<\/div>\n<\/div>\n<div>&nbsp;<\/div>\n<div>&nbsp;<\/div>\n<div>&nbsp;<\/div>\n<div>\n<div class=\"xr_tl\"><strong>Arbeiten in \u00f6ffentlichem Besitz:<\/strong><\/div>\n<\/div>\n<div>&nbsp;<\/div>\n<div>&nbsp;<\/div>\n<div>\n<div class=\"xr_tl\">Neuer Berliner Kunstverein (NBK)<\/div>\n<\/div>\n<div>\n<div class=\"xr_tl\">Berlinische Galerie<\/div>\n<\/div>\n<div>\n<div class=\"xr_tl\">Senator f\u00fcr Kulturelle Angelegenheiten, Berlin<\/div>\n<\/div>\n<div>\n<div class=\"xr_tl\">K\u00fcnstlerf\u00f6rderung, Berlin<\/div>\n<\/div>\n<div>\n<div class=\"xr_tl\">Kupferstichkabinett, Berlin-Dahlem<\/div>\n<\/div>\n<div>\n<div class=\"xr_tl\">Kupferstichkabinett, Dresden<\/div>\n<\/div>\n<div>\n<div class=\"xr_tl\">Kunstbibliothek, Berlin<\/div>\n<\/div>\n<div>\n<div class=\"xr_tl\">Gutenberg-Museum, Mainz<\/div>\n<\/div>\n<div>\n<div class=\"xr_tl\">Herzog-August-Bibliothek, Wolfenb\u00fcttel<\/div>\n<\/div>\n<div>\n<div class=\"xr_tl\">Kestner-Gesellschaft, Hannover<\/div>\n<\/div>\n<div>\n<div class=\"xr_tl\">Artothek, Moskau<\/div>\n<\/div>\n<div>&nbsp;<\/div>\n<div>&nbsp;<\/div>\n<div>\n<div class=\"xr_tl\"><strong>Ver\u00f6ffentlichungen:<\/strong><\/div>\n<\/div>\n<div>&nbsp;<\/div>\n<div>&nbsp;<\/div>\n<div>\n<div class=\"xr_tl\"><strong>1989<\/strong> 52 Gedichte aus dem Grab von Edgar Poe, Mariannenpresse, Berlin<\/div>\n<\/div>\n<div>&nbsp;<\/div>\n<div>&nbsp;<\/div>\n<div>&nbsp;<\/div>\n<div>&nbsp;<\/div>\n<p>[\/et_pb_text][\/et_pb_column][et_pb_column type=&#8220;1_2&#8243; _builder_version=&#8220;4.16&#8243; custom_padding=&#8220;|||&#8220; global_colors_info=&#8220;{}&#8220; custom_padding__hover=&#8220;|||&#8220;][et_pb_image src=&#8220;https:\/\/javis.lauva.de\/wp-content\/uploads\/2015\/09\/Bilder1.jpg&#8220; title_text=&#8220;Ausstellung Kunstverein %22Unser Fritz%22, Herne &#8211; 2013&#8243; show_in_lightbox=&#8220;on&#8220; align_tablet=&#8220;center&#8220; align_phone=&#8220;&#8220; align_last_edited=&#8220;on|desktop&#8220; admin_label=&#8220;Bild&#8220; _builder_version=&#8220;4.16&#8243; animation_style=&#8220;fade&#8220; animation_duration=&#8220;500ms&#8220; use_border_color=&#8220;off&#8220; border_color=&#8220;#ffffff&#8220; border_style=&#8220;solid&#8220; sticky=&#8220;off&#8220; always_center_on_mobile=&#8220;on&#8220; global_colors_info=&#8220;{}&#8220;] [\/et_pb_image][et_pb_text admin_label=&#8220;Text&#8220; _builder_version=&#8220;4.16&#8243; background_size=&#8220;initial&#8220; background_position=&#8220;top_left&#8220; background_repeat=&#8220;repeat&#8220; use_border_color=&#8220;off&#8220; border_color=&#8220;#ffffff&#8220; border_style=&#8220;solid&#8220; global_colors_info=&#8220;{}&#8220;]Kunstverein Unser Fritz, Herne &#8211; 2012<br \/>\n[\/et_pb_text][et_pb_image src=&#8220;https:\/\/javis.lauva.de\/wp-content\/uploads\/2015\/09\/DSCF8152.jpg&#8220; alt=&#8220;Galerie nihil nisi, Berlin&#8220; title_text=&#8220;Galerie nihil nisi, Berlin&#8220; show_in_lightbox=&#8220;on&#8220; align_tablet=&#8220;center&#8220; align_phone=&#8220;&#8220; align_last_edited=&#8220;on|desktop&#8220; admin_label=&#8220;Bild&#8220; _builder_version=&#8220;4.16&#8243; animation_style=&#8220;fade&#8220; animation_duration=&#8220;500ms&#8220; use_border_color=&#8220;off&#8220; border_color=&#8220;#ffffff&#8220; border_style=&#8220;solid&#8220; sticky=&#8220;off&#8220; always_center_on_mobile=&#8220;on&#8220; global_colors_info=&#8220;{}&#8220;] [\/et_pb_image][et_pb_text admin_label=&#8220;Text&#8220; _builder_version=&#8220;4.16&#8243; background_size=&#8220;initial&#8220; background_position=&#8220;top_left&#8220; background_repeat=&#8220;repeat&#8220; use_border_color=&#8220;off&#8220; border_color=&#8220;#ffffff&#8220; border_style=&#8220;solid&#8220; global_colors_info=&#8220;{}&#8220;]Galerie nihil nisi, Berlin<br \/>\n[\/et_pb_text][\/et_pb_column][\/et_pb_row][\/et_pb_section]<\/p>\n","protected":false},"excerpt":{"rendered":"<p>Javis Lauva &nbsp; 1971 &#8211; 1979&nbsp;Studium der P\u00e4dagogik, Soziologie und Psychologie 1979 &#8211; 1984&nbsp;Studium der Philosophie, Kunstgeschichte und Ethnologie &nbsp; Studien- und Arbeitsaufenthalte in Spanien, Italien, USA, Indien, Nepal &nbsp; lebt und arbeitet in Badenhard (2020 Umzug in den Hunsr\u00fcck) und Berlin &nbsp; 1993&nbsp;Arbeitsstipendium, Senat Berlin 1994&nbsp;Arbeitsaufenthalt K\u00fcnstlerhaus Schlo\u00df Pl\u00fcschow, Mecklenburg &nbsp; Einzelausstellungen: &nbsp; 1981&nbsp;Galerie [&hellip;]<\/p>\n","protected":false},"author":1,"featured_media":0,"parent":0,"menu_order":0,"comment_status":"closed","ping_status":"open","template":"","meta":{"_et_pb_use_builder":"on","_et_pb_old_content":"<p>This is an example page. It's different from a blog post because it will stay in one place and will show up in your site navigation (in most themes). Most people start with an About page that introduces them to potential site visitors. It might say something like this:<\/p><blockquote><p>Hi there! I'm a bike messenger by day, aspiring actor by night, and this is my website. I live in Los Angeles, have a great dog named Jack, and I like pi\u00f1a coladas. (And gettin' caught in the rain.)<\/p><\/blockquote><p>...or something like this:<\/p><blockquote><p>The XYZ Doohickey Company was founded in 1971, and has been providing quality doohickeys to the public ever since. Located in Gotham City, XYZ employs over 2,000 people and does all kinds of awesome things for the Gotham community.<\/p><\/blockquote><p>As a new WordPress user, you should go to <a href=\"http:\/\/wp431m.a10-52-158-154.qa.plesk.ru\/wordpress\/wp-admin\/\">your dashboard<\/a> to delete this page and create new pages for your content. Have fun!<\/p>","_et_gb_content_width":"","ngg_post_thumbnail":0,"footnotes":""},"_links":{"self":[{"href":"https:\/\/javis.lauva.de\/index.php?rest_route=\/wp\/v2\/pages\/2"}],"collection":[{"href":"https:\/\/javis.lauva.de\/index.php?rest_route=\/wp\/v2\/pages"}],"about":[{"href":"https:\/\/javis.lauva.de\/index.php?rest_route=\/wp\/v2\/types\/page"}],"author":[{"embeddable":true,"href":"https:\/\/javis.lauva.de\/index.php?rest_route=\/wp\/v2\/users\/1"}],"replies":[{"embeddable":true,"href":"https:\/\/javis.lauva.de\/index.php?rest_route=%2Fwp%2Fv2%2Fcomments&post=2"}],"version-history":[{"count":21,"href":"https:\/\/javis.lauva.de\/index.php?rest_route=\/wp\/v2\/pages\/2\/revisions"}],"predecessor-version":[{"id":1278,"href":"https:\/\/javis.lauva.de\/index.php?rest_route=\/wp\/v2\/pages\/2\/revisions\/1278"}],"wp:attachment":[{"href":"https:\/\/javis.lauva.de\/index.php?rest_route=%2Fwp%2Fv2%2Fmedia&parent=2"}],"curies":[{"name":"wp","href":"https:\/\/api.w.org\/{rel}","templated":true}]}}